{"id":16322,"date":"2013-10-16T12:05:38","date_gmt":"2013-10-16T12:05:38","guid":{"rendered":"http:\/\/www.juanantonioesteban.com\/elplantio\/contacto\/"},"modified":"2018-05-29T16:17:34","modified_gmt":"2018-05-29T16:17:34","slug":"contacto","status":"publish","type":"page","link":"https:\/\/centrodeeventoselplantio.com\/ru\/contacto\/","title":{"rendered":"\u043a\u043e\u043d\u0442\u0430\u043a\u0442"},"content":{"rendered":"<p>[vc_row row_type=&#187;row&#187; use_row_as_full_screen_section=&#187;no&#187; type=&#187;grid&#187; angled_section=&#187;no&#187; text_align=&#187;left&#187; background_image_as_pattern=&#187;without_pattern&#187; css_animation=&#187;&#187; css=&#187;.vc_custom_1521584020658{margin-top: 25px !important;margin-bottom: 50px !important;}&#187;][vc_column width=&#187;1\/2&#8243;][vc_column_text]<\/p>\n<h3><span style=\"color: #ff9900;\">\u041d\u0430\u0448 \u043e\u0444\u0438\u0441<\/span><\/h3>\n<p>[\/vc_column_text][vc_separator type=&#187;transparent&#187; up=&#187;6&#8243; down=&#187;6&#8243;][vc_column_text]Calle 221, n\u00ba 46.<\/p>\n<p>Urbanizaci\u00f3n El Plant\u00edo.<\/p>\n<p>46182 La Ca\u00f1ada (Paterna)<\/p>\n<p>Valencia[\/vc_column_text][vc_separator type=&#187;transparent&#187; up=&#187;6&#8243; down=&#187;6&#8243;][vc_column_text]<\/p>\n<div class=\"two_columns_50_50 clearfix\">\n<div class=\"column1 footer_col1\">\n<div class=\"column_inner\">\n<div id=\"custom_html-3\" class=\"widget_text widget widget_custom_html\">\n<div class=\"textwidget custom-html-widget\"><strong>Tel. +34 961 32 14 10<\/strong><br \/>\n<a href=\"mailto:secretaria2@plantiointernational.com\"><span style=\"color: black;\">secretaria2@plantiointernational.com<\/span><\/a><\/div>\n<\/div>\n<\/div>\n<\/div>\n<\/div>\n<p>[\/vc_column_text][vc_separator type=&#187;transparent&#187; up=&#187;6&#8243; down=&#187;6&#8243;][vc_column_text]<\/p>\n<h3><span style=\"color: #ff9900;\">\u0433\u0440\u0430\u0444\u0438\u043a<\/span><\/h3>\n<p>[\/vc_column_text][vc_separator type=&#187;transparent&#187; up=&#187;6&#8243; down=&#187;6&#8243;][vc_column_text]<span id=\"result_box\" class=\"\" lang=\"ru\">\u0421 9:00 \u0434\u043e 16:15<br \/>\n\u0438 \u0441 17:00 \u0434\u043e 7:00.<br \/>\n<span class=\"\">\u0441 \u043f\u043e\u043d\u0435\u0434\u0435\u043b\u044c\u043d\u0438\u043a\u0430 \u043f\u043e \u043f\u044f\u0442\u043d\u0438\u0446\u0443.<\/span><\/span>[\/vc_column_text][vc_separator type=&#187;transparent&#187; up=&#187;6&#8243; down=&#187;6&#8243;]<span class='q_social_icon_holder normal_social' ><a href='https:\/\/twitter.com\/' target='_blank'><i class=\"qode_icon_font_awesome fa fa-twitter fa-lg simple_social\" style=\"margin: 0 13px 0 0;\" ><\/i><\/a><\/span><span class='q_social_icon_holder normal_social' ><a href='https:\/\/www.facebook.com\/' target='_blank'><i class=\"qode_icon_font_awesome fa fa-facebook fa-lg simple_social\" style=\"margin: 0 13px 0 0;\" ><\/i><\/a><\/span><span class='q_social_icon_holder normal_social' ><a href='https:\/\/plus.google.com' target='_blank'><i class=\"qode_icon_font_awesome fa fa-google-plus fa-lg simple_social\" style=\"margin: 0 13px 0 0;\" ><\/i><\/a><\/span><span class='q_social_icon_holder normal_social' ><a href='http:\/\/instagram.com' target='_blank'><i class=\"qode_icon_font_awesome fa fa-instagram fa-lg simple_social\" style=\"margin: 0 13px 0 0;\" ><\/i><\/a><\/span><span class='q_social_icon_holder normal_social' ><a href='https:\/\/www.tumblr.com\/' target='_blank'><i class=\"qode_icon_font_awesome fa fa-tumblr fa-lg simple_social\" style=\"margin: 0 13px 0 0;\" ><\/i><\/a><\/span><span class='q_social_icon_holder normal_social' ><a href='https:\/\/www.pinterest.com\/' target='_blank'><i class=\"qode_icon_font_awesome fa fa-pinterest fa-lg simple_social\" style=\"margin: 0 13px 0 0;\" ><\/i><\/a><\/span>[\/vc_column][vc_column width=&#187;1\/2&#8243;]<div role=\"form\" class=\"wpcf7\" id=\"wpcf7-f16342-o1\" lang=\"es-ES\" dir=\"ltr\">\n<div class=\"screen-reader-response\"><p role=\"status\" aria-live=\"polite\" aria-atomic=\"true\"><\/p> <ul><\/ul><\/div>\n<form action=\"\/ru\/wp-json\/wp\/v2\/pages\/16322#wpcf7-f16342-o1\" method=\"post\" class=\"wpcf7-form init cf7_custom_style_1\" novalidate=\"novalidate\" data-status=\"init\">\n<div style=\"display: none;\">\n<input type=\"hidden\" name=\"_wpcf7\" value=\"16342\" \/>\n<input type=\"hidden\" name=\"_wpcf7_version\" value=\"5.4.2\" \/>\n<input type=\"hidden\" name=\"_wpcf7_locale\" value=\"es_ES\" \/>\n<input type=\"hidden\" name=\"_wpcf7_unit_tag\" value=\"wpcf7-f16342-o1\" \/>\n<input type=\"hidden\" name=\"_wpcf7_container_post\" value=\"0\" \/>\n<input type=\"hidden\" name=\"_wpcf7_posted_data_hash\" value=\"\" \/>\n<\/div>\n<p><label> \u0418\u043c\u044f (\u043e\u0431\u044f\u0437\u0430\u0442\u0435\u043b\u044c\u043d\u043e)<br \/>\n    <span class=\"wpcf7-form-control-wrap your-name\"><input type=\"text\" name=\"your-name\" value=\"\" size=\"40\" class=\"wpcf7-form-control wpcf7-text wpcf7-validates-as-required\" aria-required=\"true\" aria-invalid=\"false\" \/><\/span> <\/label><\/p>\n<p><label> \u0412\u0430\u0448 e-mail (\u043e\u0431\u044f\u0437\u0430\u0442\u0435\u043b\u044c\u043d\u043e)<br \/>\n    <span class=\"wpcf7-form-control-wrap your-email\"><input type=\"email\" name=\"your-email\" value=\"\" size=\"40\" class=\"wpcf7-form-control wpcf7-text wpcf7-email wpcf7-validates-as-required wpcf7-validates-as-email\" aria-required=\"true\" aria-invalid=\"false\" \/><\/span> <\/label><\/p>\n<p><label> \u0434\u0435\u043b\u043e<br \/>\n    <span class=\"wpcf7-form-control-wrap your-subject\"><input type=\"text\" name=\"your-subject\" value=\"\" size=\"40\" class=\"wpcf7-form-control wpcf7-text\" aria-invalid=\"false\" \/><\/span> <\/label><\/p>\n<p><label> \u0441\u043e\u043e\u0431\u0449\u0435\u043d\u0438\u0435<br \/>\n    <span class=\"wpcf7-form-control-wrap your-message\"><textarea name=\"your-message\" cols=\"40\" rows=\"10\" class=\"wpcf7-form-control wpcf7-textarea\" aria-invalid=\"false\"><\/textarea><\/span> <\/label><\/p>\n<p><input type=\"submit\" value=\"\u043f\u0440\u0435\u0434\u0441\u0442\u0430\u0432\u0438\u0442\u044c\" class=\"wpcf7-form-control wpcf7-submit\" \/><\/p>\n<div class=\"wpcf7-response-output\" aria-hidden=\"true\"><\/div><\/form><\/div>[\/vc_column][\/vc_row][vc_row row_type=&#187;row&#187; use_row_as_full_screen_section=&#187;no&#187; type=&#187;full_width&#187; angled_section=&#187;no&#187; text_align=&#187;left&#187; background_image_as_pattern=&#187;without_pattern&#187; css_animation=&#187;&#187;][vc_column][vc_gmaps link=&#187;#E-8_JTNDaWZyYW1lJTIwc3JjJTNEJTIyaHR0cHMlM0ElMkYlMkZ3d3cuZ29vZ2xlLmNvbSUyRm1hcHMlMkZlbWJlZCUzRnBiJTNEJTIxMW0xOCUyMTFtMTIlMjExbTMlMjExZDUxOS44MTgyMzAwMTc2NTc0JTIxMmQtMC40ODczMDY5MDkzOTY1MzkyJTIxM2QzOS41NDE5MzI3ODY0ODA0NCUyMTJtMyUyMTFmMCUyMTJmMCUyMTNmMCUyMTNtMiUyMTFpMTAyNCUyMTJpNzY4JTIxNGYxMy4xJTIxM20zJTIxMW0yJTIxMXMweGQ2MDViMDlmM2JmZWRkYiUyNTNBMHgyN2VkZDNhOGY3NThmMDkxJTIxMnNJc3YlMjE1ZTElMjEzbTIlMjExc2VzJTIxMnNlcyUyMTR2MTUyMTU0MzYyNzUzNiUyMiUyMHdpZHRoJTNEJTIyNjAwJTIyJTIwaGVpZ2h0JTNEJTIyNDUwJTIyJTIwZnJhbWVib3JkZXIlM0QlMjIwJTIyJTIwc3R5bGUlM0QlMjJib3JkZXIlM0EwJTIyJTIwYWxsb3dmdWxsc2NyZWVuJTNFJTNDJTJGaWZyYW1lJTNF&#187;][\/vc_column][\/vc_row]<\/p>\n","protected":false},"excerpt":{"rendered":"<p>[vc_row row_type=&#187;row&#187; use_row_as_full_screen_section=&#187;no&#187; type=&#187;grid&#187; angled_section=&#187;no&#187; text_align=&#187;left&#187; background_image_as_pattern=&#187;without_pattern&#187; css_animation=&#187;&#187; css=&#187;.vc_custom_1521584020658{margin-top: 25px !important;margin-bottom: 50px !important;}&#187;][vc_column width=&#187;1\/2&#8243;][vc_column_text] \u041d\u0430\u0448 \u043e\u0444\u0438\u0441 [\/vc_column_text][vc_separator type=&#187;transparent&#187; up=&#187;6&#8243; down=&#187;6&#8243;][vc_column_text]Calle 221, n\u00ba 46. Urbanizaci\u00f3n El Plant\u00edo. 46182 La Ca\u00f1ada (Paterna) Valencia[\/vc_column_text][vc_separator type=&#187;transparent&#187; up=&#187;6&#8243; down=&#187;6&#8243;][vc_column_text] Tel. +34 961 32 14 10 secretaria2@plantiointernational.com [\/vc_column_text][vc_separator type=&#187;transparent&#187; up=&#187;6&#8243; down=&#187;6&#8243;][vc_column_text]&#8230;<\/p>\n","protected":false},"author":1,"featured_media":0,"parent":0,"menu_order":0,"comment_status":"open","ping_status":"open","template":"full_width.php","meta":[],"yoast_head":"<!-- This site is optimized with the Yoast SEO plugin v17.1 - https:\/\/yoast.com\/wordpress\/plugins\/seo\/ -->\n<title>\u043a\u043e\u043d\u0442\u0430\u043a\u0442 - centro de eventos y cultural el plantio<\/title>\n<meta name=\"robots\" content=\"index, follow, max-snippet:-1, max-image-preview:large, max-video-preview:-1\" \/>\n<link rel=\"canonical\" href=\"https:\/\/centrodeeventoselplantio.com\/ru\/contacto\/\" \/>\n<meta property=\"og:locale\" content=\"ru_RU\" \/>\n<meta property=\"og:type\" content=\"article\" \/>\n<meta property=\"og:title\" content=\"\u043a\u043e\u043d\u0442\u0430\u043a\u0442 - centro de eventos y cultural el plantio\" \/>\n<meta property=\"og:description\" content=\"[vc_row row_type=&#187;row&#187; use_row_as_full_screen_section=&#187;no&#187; type=&#187;grid&#187; angled_section=&#187;no&#187; text_align=&#187;left&#187; background_image_as_pattern=&#187;without_pattern&#187; css_animation=&#187;&#187; css=&#187;.vc_custom_1521584020658{margin-top: 25px !important;margin-bottom: 50px !important;}&#187;][vc_column width=&#187;1\/2&#8243;][vc_column_text] \u041d\u0430\u0448 \u043e\u0444\u0438\u0441 [\/vc_column_text][vc_separator type=&#187;transparent&#187; up=&#187;6&#8243; down=&#187;6&#8243;][vc_column_text]Calle 221, n\u00ba 46. Urbanizaci\u00f3n El Plant\u00edo. 46182 La Ca\u00f1ada (Paterna) Valencia[\/vc_column_text][vc_separator type=&#187;transparent&#187; up=&#187;6&#8243; down=&#187;6&#8243;][vc_column_text] Tel. +34 961 32 14 10 secretaria2@plantiointernational.com [\/vc_column_text][vc_separator type=&#187;transparent&#187; up=&#187;6&#8243; down=&#187;6&#8243;][vc_column_text]...\" \/>\n<meta property=\"og:url\" content=\"https:\/\/centrodeeventoselplantio.com\/ru\/contacto\/\" \/>\n<meta property=\"og:site_name\" content=\"centro de eventos y cultural el plantio\" \/>\n<meta property=\"article:modified_time\" content=\"2018-05-29T16:17:34+00:00\" \/>\n<meta name=\"twitter:card\" content=\"summary_large_image\" \/>\n<meta name=\"twitter:label1\" content=\"\u041f\u0440\u0438\u043c\u0435\u0440\u043d\u043e\u0435 \u0432\u0440\u0435\u043c\u044f \u0434\u043b\u044f \u0447\u0442\u0435\u043d\u0438\u044f\" \/>\n\t<meta name=\"twitter:data1\" content=\"2 \u043c\u0438\u043d\u0443\u0442\u044b\" \/>\n<script type=\"application\/ld+json\" class=\"yoast-schema-graph\">{\"@context\":\"https:\/\/schema.org\",\"@graph\":[{\"@type\":\"Organization\",\"@id\":\"https:\/\/centrodeeventoselplantio.com\/zh-hans\/#organization\",\"name\":\"Centro de Eventos el Plantio\",\"url\":\"https:\/\/centrodeeventoselplantio.com\/zh-hans\/\",\"sameAs\":[],\"logo\":{\"@type\":\"ImageObject\",\"@id\":\"https:\/\/centrodeeventoselplantio.com\/zh-hans\/#logo\",\"inLanguage\":\"ru-RU\",\"url\":\"\",\"contentUrl\":\"\",\"caption\":\"Centro de Eventos el Plantio\"},\"image\":{\"@id\":\"https:\/\/centrodeeventoselplantio.com\/zh-hans\/#logo\"}},{\"@type\":\"WebSite\",\"@id\":\"https:\/\/centrodeeventoselplantio.com\/zh-hans\/#website\",\"url\":\"https:\/\/centrodeeventoselplantio.com\/zh-hans\/\",\"name\":\"Centro de Eventos y Cultural El plantio\",\"description\":\"Centro eventos, convenciones, celebraciones, exposiciones, coworking, coaching\",\"publisher\":{\"@id\":\"https:\/\/centrodeeventoselplantio.com\/zh-hans\/#organization\"},\"potentialAction\":[{\"@type\":\"SearchAction\",\"target\":{\"@type\":\"EntryPoint\",\"urlTemplate\":\"https:\/\/centrodeeventoselplantio.com\/zh-hans\/?s={search_term_string}\"},\"query-input\":\"required name=search_term_string\"}],\"inLanguage\":\"ru-RU\"},{\"@type\":\"WebPage\",\"@id\":\"https:\/\/centrodeeventoselplantio.com\/ru\/contacto\/#webpage\",\"url\":\"https:\/\/centrodeeventoselplantio.com\/ru\/contacto\/\",\"name\":\"\\u043a\\u043e\\u043d\\u0442\\u0430\\u043a\\u0442 - centro de eventos y cultural el plantio\",\"isPartOf\":{\"@id\":\"https:\/\/centrodeeventoselplantio.com\/zh-hans\/#website\"},\"datePublished\":\"2013-10-16T12:05:38+00:00\",\"dateModified\":\"2018-05-29T16:17:34+00:00\",\"breadcrumb\":{\"@id\":\"https:\/\/centrodeeventoselplantio.com\/ru\/contacto\/#breadcrumb\"},\"inLanguage\":\"ru-RU\",\"potentialAction\":[{\"@type\":\"ReadAction\",\"target\":[\"https:\/\/centrodeeventoselplantio.com\/ru\/contacto\/\"]}]},{\"@type\":\"BreadcrumbList\",\"@id\":\"https:\/\/centrodeeventoselplantio.com\/ru\/contacto\/#breadcrumb\",\"itemListElement\":[{\"@type\":\"ListItem\",\"position\":1,\"name\":\"Portada\",\"item\":\"https:\/\/centrodeeventoselplantio.com\/ru\/\"},{\"@type\":\"ListItem\",\"position\":2,\"name\":\"\\u043a\\u043e\\u043d\\u0442\\u0430\\u043a\\u0442\"}]}]}<\/script>\n<!-- \/ Yoast SEO plugin. -->","yoast_head_json":{"title":"\u043a\u043e\u043d\u0442\u0430\u043a\u0442 - centro de eventos y cultural el plantio","robots":{"index":"index","follow":"follow","max-snippet":"max-snippet:-1","max-image-preview":"max-image-preview:large","max-video-preview":"max-video-preview:-1"},"canonical":"https:\/\/centrodeeventoselplantio.com\/ru\/contacto\/","og_locale":"ru_RU","og_type":"article","og_title":"\u043a\u043e\u043d\u0442\u0430\u043a\u0442 - centro de eventos y cultural el plantio","og_description":"[vc_row row_type=&#187;row&#187; use_row_as_full_screen_section=&#187;no&#187; type=&#187;grid&#187; angled_section=&#187;no&#187; text_align=&#187;left&#187; background_image_as_pattern=&#187;without_pattern&#187; css_animation=&#187;&#187; css=&#187;.vc_custom_1521584020658{margin-top: 25px !important;margin-bottom: 50px !important;}&#187;][vc_column width=&#187;1\/2&#8243;][vc_column_text] \u041d\u0430\u0448 \u043e\u0444\u0438\u0441 [\/vc_column_text][vc_separator type=&#187;transparent&#187; up=&#187;6&#8243; down=&#187;6&#8243;][vc_column_text]Calle 221, n\u00ba 46. Urbanizaci\u00f3n El Plant\u00edo. 46182 La Ca\u00f1ada (Paterna) Valencia[\/vc_column_text][vc_separator type=&#187;transparent&#187; up=&#187;6&#8243; down=&#187;6&#8243;][vc_column_text] Tel. +34 961 32 14 10 secretaria2@plantiointernational.com [\/vc_column_text][vc_separator type=&#187;transparent&#187; up=&#187;6&#8243; down=&#187;6&#8243;][vc_column_text]...","og_url":"https:\/\/centrodeeventoselplantio.com\/ru\/contacto\/","og_site_name":"centro de eventos y cultural el plantio","article_modified_time":"2018-05-29T16:17:34+00:00","twitter_card":"summary_large_image","twitter_misc":{"\u041f\u0440\u0438\u043c\u0435\u0440\u043d\u043e\u0435 \u0432\u0440\u0435\u043c\u044f \u0434\u043b\u044f \u0447\u0442\u0435\u043d\u0438\u044f":"2 \u043c\u0438\u043d\u0443\u0442\u044b"},"schema":{"@context":"https:\/\/schema.org","@graph":[{"@type":"Organization","@id":"https:\/\/centrodeeventoselplantio.com\/zh-hans\/#organization","name":"Centro de Eventos el Plantio","url":"https:\/\/centrodeeventoselplantio.com\/zh-hans\/","sameAs":[],"logo":{"@type":"ImageObject","@id":"https:\/\/centrodeeventoselplantio.com\/zh-hans\/#logo","inLanguage":"ru-RU","url":"","contentUrl":"","caption":"Centro de Eventos el Plantio"},"image":{"@id":"https:\/\/centrodeeventoselplantio.com\/zh-hans\/#logo"}},{"@type":"WebSite","@id":"https:\/\/centrodeeventoselplantio.com\/zh-hans\/#website","url":"https:\/\/centrodeeventoselplantio.com\/zh-hans\/","name":"Centro de Eventos y Cultural El plantio","description":"Centro eventos, convenciones, celebraciones, exposiciones, coworking, coaching","publisher":{"@id":"https:\/\/centrodeeventoselplantio.com\/zh-hans\/#organization"},"potentialAction":[{"@type":"SearchAction","target":{"@type":"EntryPoint","urlTemplate":"https:\/\/centrodeeventoselplantio.com\/zh-hans\/?s={search_term_string}"},"query-input":"required name=search_term_string"}],"inLanguage":"ru-RU"},{"@type":"WebPage","@id":"https:\/\/centrodeeventoselplantio.com\/ru\/contacto\/#webpage","url":"https:\/\/centrodeeventoselplantio.com\/ru\/contacto\/","name":"\u043a\u043e\u043d\u0442\u0430\u043a\u0442 - centro de eventos y cultural el plantio","isPartOf":{"@id":"https:\/\/centrodeeventoselplantio.com\/zh-hans\/#website"},"datePublished":"2013-10-16T12:05:38+00:00","dateModified":"2018-05-29T16:17:34+00:00","breadcrumb":{"@id":"https:\/\/centrodeeventoselplantio.com\/ru\/contacto\/#breadcrumb"},"inLanguage":"ru-RU","potentialAction":[{"@type":"ReadAction","target":["https:\/\/centrodeeventoselplantio.com\/ru\/contacto\/"]}]},{"@type":"BreadcrumbList","@id":"https:\/\/centrodeeventoselplantio.com\/ru\/contacto\/#breadcrumb","itemListElement":[{"@type":"ListItem","position":1,"name":"Portada","item":"https:\/\/centrodeeventoselplantio.com\/ru\/"},{"@type":"ListItem","position":2,"name":"\u043a\u043e\u043d\u0442\u0430\u043a\u0442"}]}]}},"_links":{"self":[{"href":"https:\/\/centrodeeventoselplantio.com\/ru\/wp-json\/wp\/v2\/pages\/16322"}],"collection":[{"href":"https:\/\/centrodeeventoselplantio.com\/ru\/wp-json\/wp\/v2\/pages"}],"about":[{"href":"https:\/\/centrodeeventoselplantio.com\/ru\/wp-json\/wp\/v2\/types\/page"}],"author":[{"embeddable":true,"href":"https:\/\/centrodeeventoselplantio.com\/ru\/wp-json\/wp\/v2\/users\/1"}],"replies":[{"embeddable":true,"href":"https:\/\/centrodeeventoselplantio.com\/ru\/wp-json\/wp\/v2\/comments?post=16322"}],"version-history":[{"count":2,"href":"https:\/\/centrodeeventoselplantio.com\/ru\/wp-json\/wp\/v2\/pages\/16322\/revisions"}],"predecessor-version":[{"id":16344,"href":"https:\/\/centrodeeventoselplantio.com\/ru\/wp-json\/wp\/v2\/pages\/16322\/revisions\/16344"}],"wp:attachment":[{"href":"https:\/\/centrodeeventoselplantio.com\/ru\/wp-json\/wp\/v2\/media?parent=16322"}],"curies":[{"name":"wp","href":"https:\/\/api.w.org\/{rel}","templated":true}]}}