{"id":16321,"date":"2013-10-16T12:05:38","date_gmt":"2013-10-16T12:05:38","guid":{"rendered":"http:\/\/www.juanantonioesteban.com\/elplantio\/contacto\/"},"modified":"2018-05-29T16:08:14","modified_gmt":"2018-05-29T16:08:14","slug":"contact","status":"publish","type":"page","link":"https:\/\/centrodeeventoselplantio.com\/en\/contact\/","title":{"rendered":"Contact"},"content":{"rendered":"<p>[vc_row row_type=&#8221;row&#8221; use_row_as_full_screen_section=&#8221;no&#8221; type=&#8221;grid&#8221; angled_section=&#8221;no&#8221; text_align=&#8221;left&#8221; background_image_as_pattern=&#8221;without_pattern&#8221; css_animation=&#8221;&#8221; css=&#8221;.vc_custom_1521584020658{margin-top: 25px !important;margin-bottom: 50px !important;}&#8221;][vc_column width=&#8221;1\/2&#8243;][vc_column_text]<\/p>\n<h3><span style=\"color: #ff9900;\">Our office<\/span><\/h3>\n<p>[\/vc_column_text][vc_separator type=&#8221;transparent&#8221; up=&#8221;6&#8243; down=&#8221;6&#8243;][vc_column_text]Calle 221, n\u00ba 46.<\/p>\n<p>Urbanizaci\u00f3n El Plant\u00edo.<\/p>\n<p>46182 La Ca\u00f1ada (Paterna)<\/p>\n<p>Valencia[\/vc_column_text][vc_separator type=&#8221;transparent&#8221; up=&#8221;6&#8243; down=&#8221;6&#8243;][vc_column_text]<\/p>\n<div class=\"two_columns_50_50 clearfix\">\n<div class=\"column1 footer_col1\">\n<div class=\"column_inner\">\n<div id=\"custom_html-3\" class=\"widget_text widget widget_custom_html\">\n<div class=\"textwidget custom-html-widget\"><strong>Tel. +34 961 32 14 10<\/strong><br \/>\n<a href=\"mailto:secretaria2@plantiointernational.com\"><span style=\"color: black;\">secretaria2@plantiointernational.com<\/span><\/a><\/div>\n<\/div>\n<\/div>\n<\/div>\n<\/div>\n<p>[\/vc_column_text][vc_separator type=&#8221;transparent&#8221; up=&#8221;6&#8243; down=&#8221;6&#8243;][vc_column_text]<\/p>\n<h3><span style=\"color: #ff9900;\">Schedule<\/span><\/h3>\n<p>[\/vc_column_text][vc_separator type=&#8221;transparent&#8221; up=&#8221;6&#8243; down=&#8221;6&#8243;][vc_column_text]<span id=\"result_box\" class=\"\" lang=\"en\"><span class=\"\">From 9:00 to 16:15<\/span><br \/>\n<span class=\"\">and from 5:00 pm to 7:00 p.m.<\/span><br \/>\nMonday to Friday.<\/span>[\/vc_column_text][vc_separator type=&#8221;transparent&#8221; up=&#8221;6&#8243; down=&#8221;6&#8243;]<span class='q_social_icon_holder normal_social' ><a href='https:\/\/twitter.com\/' target='_blank'><i class=\"qode_icon_font_awesome fa fa-twitter fa-lg simple_social\" style=\"margin: 0 13px 0 0;\" ><\/i><\/a><\/span><span class='q_social_icon_holder normal_social' ><a href='https:\/\/www.facebook.com\/' target='_blank'><i class=\"qode_icon_font_awesome fa fa-facebook fa-lg simple_social\" style=\"margin: 0 13px 0 0;\" ><\/i><\/a><\/span><span class='q_social_icon_holder normal_social' ><a href='https:\/\/plus.google.com' target='_blank'><i class=\"qode_icon_font_awesome fa fa-google-plus fa-lg simple_social\" style=\"margin: 0 13px 0 0;\" ><\/i><\/a><\/span><span class='q_social_icon_holder normal_social' ><a href='http:\/\/instagram.com' target='_blank'><i class=\"qode_icon_font_awesome fa fa-instagram fa-lg simple_social\" style=\"margin: 0 13px 0 0;\" ><\/i><\/a><\/span><span class='q_social_icon_holder normal_social' ><a href='https:\/\/www.tumblr.com\/' target='_blank'><i class=\"qode_icon_font_awesome fa fa-tumblr fa-lg simple_social\" style=\"margin: 0 13px 0 0;\" ><\/i><\/a><\/span><span class='q_social_icon_holder normal_social' ><a href='https:\/\/www.pinterest.com\/' target='_blank'><i class=\"qode_icon_font_awesome fa fa-pinterest fa-lg simple_social\" style=\"margin: 0 13px 0 0;\" ><\/i><\/a><\/span>[\/vc_column][vc_column width=&#8221;1\/2&#8243;]<div role=\"form\" class=\"wpcf7\" id=\"wpcf7-f16331-o1\" lang=\"es-ES\" dir=\"ltr\">\n<div class=\"screen-reader-response\"><p role=\"status\" aria-live=\"polite\" aria-atomic=\"true\"><\/p> <ul><\/ul><\/div>\n<form action=\"\/en\/wp-json\/wp\/v2\/pages\/16321#wpcf7-f16331-o1\" method=\"post\" class=\"wpcf7-form init cf7_custom_style_1\" novalidate=\"novalidate\" data-status=\"init\">\n<div style=\"display: none;\">\n<input type=\"hidden\" name=\"_wpcf7\" value=\"16331\" \/>\n<input type=\"hidden\" name=\"_wpcf7_version\" value=\"5.4.2\" \/>\n<input type=\"hidden\" name=\"_wpcf7_locale\" value=\"es_ES\" \/>\n<input type=\"hidden\" name=\"_wpcf7_unit_tag\" value=\"wpcf7-f16331-o1\" \/>\n<input type=\"hidden\" name=\"_wpcf7_container_post\" value=\"0\" \/>\n<input type=\"hidden\" name=\"_wpcf7_posted_data_hash\" value=\"\" \/>\n<\/div>\n<p><label> Name (required)<br \/>\n    <span class=\"wpcf7-form-control-wrap your-name\"><input type=\"text\" name=\"your-name\" value=\"\" size=\"40\" class=\"wpcf7-form-control wpcf7-text wpcf7-validates-as-required\" aria-required=\"true\" aria-invalid=\"false\" \/><\/span> <\/label><\/p>\n<p><label> Your e-mail (required)<br \/>\n    <span class=\"wpcf7-form-control-wrap your-email\"><input type=\"email\" name=\"your-email\" value=\"\" size=\"40\" class=\"wpcf7-form-control wpcf7-text wpcf7-email wpcf7-validates-as-required wpcf7-validates-as-email\" aria-required=\"true\" aria-invalid=\"false\" \/><\/span> <\/label><\/p>\n<p><label> Affair<br \/>\n    <span class=\"wpcf7-form-control-wrap your-subject\"><input type=\"text\" name=\"your-subject\" value=\"\" size=\"40\" class=\"wpcf7-form-control wpcf7-text\" aria-invalid=\"false\" \/><\/span> <\/label><\/p>\n<p><label> Message<br \/>\n    <span class=\"wpcf7-form-control-wrap your-message\"><textarea name=\"your-message\" cols=\"40\" rows=\"10\" class=\"wpcf7-form-control wpcf7-textarea\" aria-invalid=\"false\"><\/textarea><\/span> <\/label><\/p>\n<p><input type=\"submit\" value=\"Submit\" class=\"wpcf7-form-control wpcf7-submit\" \/><\/p>\n<div class=\"wpcf7-response-output\" aria-hidden=\"true\"><\/div><\/form><\/div>[\/vc_column][\/vc_row][vc_row row_type=&#8221;row&#8221; use_row_as_full_screen_section=&#8221;no&#8221; type=&#8221;full_width&#8221; angled_section=&#8221;no&#8221; text_align=&#8221;left&#8221; background_image_as_pattern=&#8221;without_pattern&#8221; css_animation=&#8221;&#8221;][vc_column][vc_gmaps link=&#8221;#E-8_JTNDaWZyYW1lJTIwc3JjJTNEJTIyaHR0cHMlM0ElMkYlMkZ3d3cuZ29vZ2xlLmNvbSUyRm1hcHMlMkZlbWJlZCUzRnBiJTNEJTIxMW0xOCUyMTFtMTIlMjExbTMlMjExZDUxOS44MTgyMzAwMTc2NTc0JTIxMmQtMC40ODczMDY5MDkzOTY1MzkyJTIxM2QzOS41NDE5MzI3ODY0ODA0NCUyMTJtMyUyMTFmMCUyMTJmMCUyMTNmMCUyMTNtMiUyMTFpMTAyNCUyMTJpNzY4JTIxNGYxMy4xJTIxM20zJTIxMW0yJTIxMXMweGQ2MDViMDlmM2JmZWRkYiUyNTNBMHgyN2VkZDNhOGY3NThmMDkxJTIxMnNJc3YlMjE1ZTElMjEzbTIlMjExc2VzJTIxMnNlcyUyMTR2MTUyMTU0MzYyNzUzNiUyMiUyMHdpZHRoJTNEJTIyNjAwJTIyJTIwaGVpZ2h0JTNEJTIyNDUwJTIyJTIwZnJhbWVib3JkZXIlM0QlMjIwJTIyJTIwc3R5bGUlM0QlMjJib3JkZXIlM0EwJTIyJTIwYWxsb3dmdWxsc2NyZWVuJTNFJTNDJTJGaWZyYW1lJTNF&#8221;][\/vc_column][\/vc_row]<\/p>\n","protected":false},"excerpt":{"rendered":"<p>[vc_row row_type=&#8221;row&#8221; use_row_as_full_screen_section=&#8221;no&#8221; type=&#8221;grid&#8221; angled_section=&#8221;no&#8221; text_align=&#8221;left&#8221; background_image_as_pattern=&#8221;without_pattern&#8221; css_animation=&#8221;&#8221; css=&#8221;.vc_custom_1521584020658{margin-top: 25px !important;margin-bottom: 50px !important;}&#8221;][vc_column width=&#8221;1\/2&#8243;][vc_column_text] Our office [\/vc_column_text][vc_separator type=&#8221;transparent&#8221; up=&#8221;6&#8243; down=&#8221;6&#8243;][vc_column_text]Calle 221, n\u00ba 46. Urbanizaci\u00f3n El Plant\u00edo. 46182 La Ca\u00f1ada (Paterna) Valencia[\/vc_column_text][vc_separator type=&#8221;transparent&#8221; up=&#8221;6&#8243; down=&#8221;6&#8243;][vc_column_text] Tel. +34 961 32 14 10 secretaria2@plantiointernational.com [\/vc_column_text][vc_separator type=&#8221;transparent&#8221; up=&#8221;6&#8243; down=&#8221;6&#8243;][vc_column_text]&#8230;<\/p>\n","protected":false},"author":1,"featured_media":0,"parent":0,"menu_order":0,"comment_status":"open","ping_status":"open","template":"full_width.php","meta":[],"yoast_head":"<!-- This site is optimized with the Yoast SEO plugin v17.1 - https:\/\/yoast.com\/wordpress\/plugins\/seo\/ -->\n<title>Contact - centro de eventos y cultural el plantio<\/title>\n<meta name=\"robots\" content=\"index, follow, max-snippet:-1, max-image-preview:large, max-video-preview:-1\" \/>\n<link rel=\"canonical\" href=\"https:\/\/centrodeeventoselplantio.com\/en\/contact\/\" \/>\n<meta property=\"og:locale\" content=\"en_US\" \/>\n<meta property=\"og:type\" content=\"article\" \/>\n<meta property=\"og:title\" content=\"Contact - centro de eventos y cultural el plantio\" \/>\n<meta property=\"og:description\" content=\"[vc_row row_type=&#8221;row&#8221; use_row_as_full_screen_section=&#8221;no&#8221; type=&#8221;grid&#8221; angled_section=&#8221;no&#8221; text_align=&#8221;left&#8221; background_image_as_pattern=&#8221;without_pattern&#8221; css_animation=&#8221;&#8221; css=&#8221;.vc_custom_1521584020658{margin-top: 25px !important;margin-bottom: 50px !important;}&#8221;][vc_column width=&#8221;1\/2&#8243;][vc_column_text] Our office [\/vc_column_text][vc_separator type=&#8221;transparent&#8221; up=&#8221;6&#8243; down=&#8221;6&#8243;][vc_column_text]Calle 221, n\u00ba 46. Urbanizaci\u00f3n El Plant\u00edo. 46182 La Ca\u00f1ada (Paterna) Valencia[\/vc_column_text][vc_separator type=&#8221;transparent&#8221; up=&#8221;6&#8243; down=&#8221;6&#8243;][vc_column_text] Tel. +34 961 32 14 10 secretaria2@plantiointernational.com [\/vc_column_text][vc_separator type=&#8221;transparent&#8221; up=&#8221;6&#8243; down=&#8221;6&#8243;][vc_column_text]...\" \/>\n<meta property=\"og:url\" content=\"https:\/\/centrodeeventoselplantio.com\/en\/contact\/\" \/>\n<meta property=\"og:site_name\" content=\"centro de eventos y cultural el plantio\" \/>\n<meta property=\"article:modified_time\" content=\"2018-05-29T16:08:14+00:00\" \/>\n<meta name=\"twitter:card\" content=\"summary_large_image\" \/>\n<meta name=\"twitter:label1\" content=\"Est. reading time\" \/>\n\t<meta name=\"twitter:data1\" content=\"2 minutes\" \/>\n<script type=\"application\/ld+json\" class=\"yoast-schema-graph\">{\"@context\":\"https:\/\/schema.org\",\"@graph\":[{\"@type\":\"Organization\",\"@id\":\"https:\/\/centrodeeventoselplantio.com\/zh-hans\/#organization\",\"name\":\"Centro de Eventos el Plantio\",\"url\":\"https:\/\/centrodeeventoselplantio.com\/zh-hans\/\",\"sameAs\":[],\"logo\":{\"@type\":\"ImageObject\",\"@id\":\"https:\/\/centrodeeventoselplantio.com\/zh-hans\/#logo\",\"inLanguage\":\"en-US\",\"url\":\"\",\"contentUrl\":\"\",\"caption\":\"Centro de Eventos el Plantio\"},\"image\":{\"@id\":\"https:\/\/centrodeeventoselplantio.com\/zh-hans\/#logo\"}},{\"@type\":\"WebSite\",\"@id\":\"https:\/\/centrodeeventoselplantio.com\/zh-hans\/#website\",\"url\":\"https:\/\/centrodeeventoselplantio.com\/zh-hans\/\",\"name\":\"Centro de Eventos y Cultural El plantio\",\"description\":\"Centro eventos, convenciones, celebraciones, exposiciones, coworking, coaching\",\"publisher\":{\"@id\":\"https:\/\/centrodeeventoselplantio.com\/zh-hans\/#organization\"},\"potentialAction\":[{\"@type\":\"SearchAction\",\"target\":{\"@type\":\"EntryPoint\",\"urlTemplate\":\"https:\/\/centrodeeventoselplantio.com\/zh-hans\/?s={search_term_string}\"},\"query-input\":\"required name=search_term_string\"}],\"inLanguage\":\"en-US\"},{\"@type\":\"WebPage\",\"@id\":\"https:\/\/centrodeeventoselplantio.com\/en\/contact\/#webpage\",\"url\":\"https:\/\/centrodeeventoselplantio.com\/en\/contact\/\",\"name\":\"Contact - centro de eventos y cultural el plantio\",\"isPartOf\":{\"@id\":\"https:\/\/centrodeeventoselplantio.com\/zh-hans\/#website\"},\"datePublished\":\"2013-10-16T12:05:38+00:00\",\"dateModified\":\"2018-05-29T16:08:14+00:00\",\"breadcrumb\":{\"@id\":\"https:\/\/centrodeeventoselplantio.com\/en\/contact\/#breadcrumb\"},\"inLanguage\":\"en-US\",\"potentialAction\":[{\"@type\":\"ReadAction\",\"target\":[\"https:\/\/centrodeeventoselplantio.com\/en\/contact\/\"]}]},{\"@type\":\"BreadcrumbList\",\"@id\":\"https:\/\/centrodeeventoselplantio.com\/en\/contact\/#breadcrumb\",\"itemListElement\":[{\"@type\":\"ListItem\",\"position\":1,\"name\":\"Portada\",\"item\":\"https:\/\/centrodeeventoselplantio.com\/en\/\"},{\"@type\":\"ListItem\",\"position\":2,\"name\":\"Contact\"}]}]}<\/script>\n<!-- \/ Yoast SEO plugin. -->","yoast_head_json":{"title":"Contact - centro de eventos y cultural el plantio","robots":{"index":"index","follow":"follow","max-snippet":"max-snippet:-1","max-image-preview":"max-image-preview:large","max-video-preview":"max-video-preview:-1"},"canonical":"https:\/\/centrodeeventoselplantio.com\/en\/contact\/","og_locale":"en_US","og_type":"article","og_title":"Contact - centro de eventos y cultural el plantio","og_description":"[vc_row row_type=&#8221;row&#8221; use_row_as_full_screen_section=&#8221;no&#8221; type=&#8221;grid&#8221; angled_section=&#8221;no&#8221; text_align=&#8221;left&#8221; background_image_as_pattern=&#8221;without_pattern&#8221; css_animation=&#8221;&#8221; css=&#8221;.vc_custom_1521584020658{margin-top: 25px !important;margin-bottom: 50px !important;}&#8221;][vc_column width=&#8221;1\/2&#8243;][vc_column_text] Our office [\/vc_column_text][vc_separator type=&#8221;transparent&#8221; up=&#8221;6&#8243; down=&#8221;6&#8243;][vc_column_text]Calle 221, n\u00ba 46. Urbanizaci\u00f3n El Plant\u00edo. 46182 La Ca\u00f1ada (Paterna) Valencia[\/vc_column_text][vc_separator type=&#8221;transparent&#8221; up=&#8221;6&#8243; down=&#8221;6&#8243;][vc_column_text] Tel. +34 961 32 14 10 secretaria2@plantiointernational.com [\/vc_column_text][vc_separator type=&#8221;transparent&#8221; up=&#8221;6&#8243; down=&#8221;6&#8243;][vc_column_text]...","og_url":"https:\/\/centrodeeventoselplantio.com\/en\/contact\/","og_site_name":"centro de eventos y cultural el plantio","article_modified_time":"2018-05-29T16:08:14+00:00","twitter_card":"summary_large_image","twitter_misc":{"Est. reading time":"2 minutes"},"schema":{"@context":"https:\/\/schema.org","@graph":[{"@type":"Organization","@id":"https:\/\/centrodeeventoselplantio.com\/zh-hans\/#organization","name":"Centro de Eventos el Plantio","url":"https:\/\/centrodeeventoselplantio.com\/zh-hans\/","sameAs":[],"logo":{"@type":"ImageObject","@id":"https:\/\/centrodeeventoselplantio.com\/zh-hans\/#logo","inLanguage":"en-US","url":"","contentUrl":"","caption":"Centro de Eventos el Plantio"},"image":{"@id":"https:\/\/centrodeeventoselplantio.com\/zh-hans\/#logo"}},{"@type":"WebSite","@id":"https:\/\/centrodeeventoselplantio.com\/zh-hans\/#website","url":"https:\/\/centrodeeventoselplantio.com\/zh-hans\/","name":"Centro de Eventos y Cultural El plantio","description":"Centro eventos, convenciones, celebraciones, exposiciones, coworking, coaching","publisher":{"@id":"https:\/\/centrodeeventoselplantio.com\/zh-hans\/#organization"},"potentialAction":[{"@type":"SearchAction","target":{"@type":"EntryPoint","urlTemplate":"https:\/\/centrodeeventoselplantio.com\/zh-hans\/?s={search_term_string}"},"query-input":"required name=search_term_string"}],"inLanguage":"en-US"},{"@type":"WebPage","@id":"https:\/\/centrodeeventoselplantio.com\/en\/contact\/#webpage","url":"https:\/\/centrodeeventoselplantio.com\/en\/contact\/","name":"Contact - centro de eventos y cultural el plantio","isPartOf":{"@id":"https:\/\/centrodeeventoselplantio.com\/zh-hans\/#website"},"datePublished":"2013-10-16T12:05:38+00:00","dateModified":"2018-05-29T16:08:14+00:00","breadcrumb":{"@id":"https:\/\/centrodeeventoselplantio.com\/en\/contact\/#breadcrumb"},"inLanguage":"en-US","potentialAction":[{"@type":"ReadAction","target":["https:\/\/centrodeeventoselplantio.com\/en\/contact\/"]}]},{"@type":"BreadcrumbList","@id":"https:\/\/centrodeeventoselplantio.com\/en\/contact\/#breadcrumb","itemListElement":[{"@type":"ListItem","position":1,"name":"Portada","item":"https:\/\/centrodeeventoselplantio.com\/en\/"},{"@type":"ListItem","position":2,"name":"Contact"}]}]}},"_links":{"self":[{"href":"https:\/\/centrodeeventoselplantio.com\/en\/wp-json\/wp\/v2\/pages\/16321"}],"collection":[{"href":"https:\/\/centrodeeventoselplantio.com\/en\/wp-json\/wp\/v2\/pages"}],"about":[{"href":"https:\/\/centrodeeventoselplantio.com\/en\/wp-json\/wp\/v2\/types\/page"}],"author":[{"embeddable":true,"href":"https:\/\/centrodeeventoselplantio.com\/en\/wp-json\/wp\/v2\/users\/1"}],"replies":[{"embeddable":true,"href":"https:\/\/centrodeeventoselplantio.com\/en\/wp-json\/wp\/v2\/comments?post=16321"}],"version-history":[{"count":3,"href":"https:\/\/centrodeeventoselplantio.com\/en\/wp-json\/wp\/v2\/pages\/16321\/revisions"}],"predecessor-version":[{"id":16332,"href":"https:\/\/centrodeeventoselplantio.com\/en\/wp-json\/wp\/v2\/pages\/16321\/revisions\/16332"}],"wp:attachment":[{"href":"https:\/\/centrodeeventoselplantio.com\/en\/wp-json\/wp\/v2\/media?parent=16321"}],"curies":[{"name":"wp","href":"https:\/\/api.w.org\/{rel}","templated":true}]}}